{"id":3820,"date":"2020-01-27T11:07:15","date_gmt":"2020-01-27T11:07:15","guid":{"rendered":"https:\/\/www.cardioportal.ro\/conferintadeprimavara\/?page_id=3820"},"modified":"2023-01-30T13:47:52","modified_gmt":"2023-01-30T13:47:52","slug":"termeni-si-conditii-inregistrare-online","status":"publish","type":"page","link":"https:\/\/www.cardioportal.ro\/conferintadeprimavara\/termeni-si-conditii-inregistrare-online\/","title":{"rendered":"Termeni si conditii inregistrare online"},"content":{"rendered":"<p><strong>TERMENI \u0218I CONDI\u021aII DE PLATA<\/strong><\/p>\n<p><strong>Transmiterea informatiilor<\/strong><\/p>\n<p>Deoarece prin utilizarea site-ului www.cardioportal.ro (vizitarea, \u00eenscrierea la evenimente sau trimiterea de e-mail-uri adresate portalului www.cardiportal.ro), comunicarea se realizeaz\u0103 \u00een mod electronic, se consider\u0103 astfel c\u0103 utilizatorul consimte primirea notificarilor de la SRC Medical Events SRL \u00een modalitate electronic\u0103, incluz\u00e2nd \u0219i comunic\u0103ri prin e-mail sau prin anun\u021buri pe site, av\u00e2nd posibilitatea s\u0103 \u00ee\u0219i exercite toate drepturile ptev\u0103zute de legisla\u021bia aplicabil\u0103 (inclusiv, dar f\u0103r\u0103 a se limita la legisla\u021bia privind datele cu caracter personal).<\/p>\n<p><strong>\u00a0<\/strong><\/p>\n<p><strong>Plata prin intermediul site-ului www.cardiportal.ro \u2013 termene si conditii de plata<\/strong><\/p>\n<p>SRC Medical Events SRL foloseste cele mai sigure metode de plata disponibile pentru a asigura ca procesarea platii dvs. va fi executata in conditii de maxima siguranta si securitate.<\/p>\n<p>&nbsp;<\/p>\n<p><strong>Metodele de plata acceptate de SRC sunt:<\/strong><\/p>\n<ol>\n<li><strong>a) Plata cu card <\/strong><\/li>\n<\/ol>\n<p>In timpul inscrierii la evenimente veti fi redirectionat catre serverul securizat de plata LibraPay.<\/p>\n<p>Daca ati ales metoda de plata prin card \u201eon line\u201d este necesar sa completati un formular cu informatiile despre cardul dumneavoastra. Pentru platile cu carduri de credit\/debit emise sub sigla Visa si MasterCard (Visa\/Visa Electron si Mastercard\/Maestro) este folosit sistemul \u201e3-D Secure\u201d elaborat de aceste organizatii care asigura tranzactiile on-line acelasi nivel de securitate ca cele realizate la bancomat sau in mediul fizic, la comerciant. \u201e3-D Secure\u201d asigura in primul rand ca nici o informatie legata de cardul dumneavoastra nu este transferata sau stocata, la nici un moment de timp, pe serverele noastre sau pe serverele LibraPay, aceste date fiind direct introduse in sistemele Visa si MasterCard. In plus, \u201e3-D Secure\u201d este un sistem de autentificare a identitatii posesorilor de carduri in mediu electronic. Procesul de autentificare a posesorului cardului se face pe baza codului de securitate cunoscut numai de posesor si se desfasoara numai pe serverele Visa sau MasterCard, dupa caz. Sistemul \u201e3-D Secure\u201d permite efectuarea de cumparaturi on-line cu orice card emis sub licenta Visa sau MasterCard, inclusiv cele de debit si cele electronice Maestro si Visa Electron. Sunt acceptate si cardurile virtuale emise de aceste organizatii.<\/p>\n<p>&nbsp;<\/p>\n<p><strong>Facturare<\/strong><\/p>\n<p>Puteti solicita trimiterea facturii fiscale prin e-mail.<\/p>\n<p>Pentru emiterea facturii va rugam sa completati datele de facturare in formularul de inscriere la eveniment sau sa trimiteti la e-mail-ul: <a href=\"mailto:office@cardioportal.ro\">office@cardioportal.ro<\/a>, urmatoarele date: nume firma, CUI, nr. de inregistrare, adresa.<\/p>\n<p>&nbsp;<\/p>\n<p><strong>Politica de returnare<\/strong><\/p>\n<p>Anularea inscrierii la evenimentele SRC se poate realiza astfel:<\/p>\n<p>La congres\/simpozion\/conferinta:<\/p>\n<ul>\n<li>daca solicitarea pentru anulare se face cu pana la 45 zile calendaristice anterior evenimentului se returneaza integral suma achitata;<\/li>\n<li>daca solicitarea pentru anulare se face cu pana la 30 zile calendaristice anterior evenimentului se returneaza 70 % din suma achitata;<\/li>\n<li>daca solicitarea pentru anulare se face cu pana la 15 zile calendaristice anterior evenimentului se returneaza 50 % din suma achitata;<\/li>\n<li>daca solicitarea pentru anulare se face cu pana la la 5 zile anterior evenimentului se returneaza 30% din suma achitata; dupa acest termen suma achitata nu se mai returneaza.<\/li>\n<\/ul>\n<p>In caz de forta majora (in cazul evenimentelor organizate in format hibrid &#8211; fizic si online), daca evenimentul nu mai poate avea loc fizic, societatea va returna diferenta de taxa in maxim 30 de zile de la incheierea evenimentului.<strong>\u00a0<\/strong><\/p>\n<p>La workshop\/hands-on:<\/p>\n<ul>\n<li>daca solicitarea pentru anulare se face cu pana la 30 zile anterior evenimentului, se returneaza 50% din suma achitata; dupa acest termen suma achitata nu se returneaza;<\/li>\n<li>suma achitata se returneaza integral numai in situatia in care persoana care solicita anularea este inlocuita de un participant recomandat de aceasta si numai dupa ce noul participant a achitat integral suma de plata.<\/li>\n<\/ul>\n<p>&nbsp;<\/p>\n<p>Anularea inscrierii la evenimente se poate face numai prin notificare scrisa \u0219i trimisa la adresa <a href=\"mailto:office@cardioportal.ro\">office@cardioportal.ro<\/a>,<\/p>\n<p>Restituirea banilor se realizeaz\u0103 prin transfer bancar in termen de 10 zile lucratoare de la aprobarea returnarii, in conditiile specificate mai sus.<\/p>\n<p>In cazul anularii unei conferinte sau a unui eveniment, raspunderea SRC Medical Events SRL este limitata la restituirea taxelor participare platite.<\/p>\n<p>SRC Medical Events SRL nu este responsabila pentru eventualele pierderi sau daune ca urmare a unei substitutii, modificari, anulari sau amanari a unui eveniment.<\/p>\n<p>SRC Medical Events SRL nu isi asuma nici o raspundere in cazul in care un eveniment este anulat, reprogramat sau amanat.<\/p>\n<p><strong><em>\u00a0<\/em><\/strong><\/p>\n<p><strong>Dispozitii finale<\/strong><\/p>\n<p>Odata cu cumpararea si lansarea comenzii (inscriere la eveniment sau achitarea contributiei de participare), participantul accepta fara obiectiuni conditiile si termenii de utilizare, valoarea acestora fiind aceeasi cu un contract valabil incheiat.<\/p>\n<p>SRC Medical Events SRL isi asuma dreptul de a putea efectua orice modificari ale acestor prevederi, precum si orice modificari ale site-ului www.cardioportal.ro, structurii acestuia sau orice alte modificari ce ar putea afecta site-ul, fara a fi necesara vreo notificare prealabila catre utilizatori in acest sens.<\/p>\n<p>SRC Medical Events SRL nu va putea fi facuta responsabila pentru eventualele erori aparute pe site din orice cauza, inclusiv din cauza unor modificari, setari etc., si nu raspunde de continutul, calitatea sau natura altor site-uri la care se ajunge prin legaturi de pe site-ul www.cardioportal.ro, indiferent de natura acestor legaturi.<\/p>\n<p>Data ultimei actualizari: 15.03.2022<\/p>\n<p>&nbsp;<\/p>\n","protected":false},"excerpt":{"rendered":"<p>TERMENI \u0218I CONDI\u021aII DE PLATA Transmiterea informatiilor Deoarece prin utilizarea site-ului www.cardioportal.ro (vizitarea, \u00eenscrierea la evenimente sau trimiterea de e-mail-uri adresate portalului www.cardiportal.ro), comunicarea se realizeaz\u0103 \u00een mod electronic, se consider\u0103 astfel c\u0103 utilizatorul consimte primirea notificarilor de la SRC Medical Events SRL \u00een modalitate electronic\u0103, incluz\u00e2nd \u0219i comunic\u0103ri prin e-mail sau prin anun\u021buri pe [&hellip;]<\/p>\n","protected":false},"author":1,"featured_media":0,"parent":0,"menu_order":0,"comment_status":"closed","ping_status":"closed","template":"","meta":{"footnotes":""},"class_list":["post-3820","page","type-page","status-publish","hentry"],"_links":{"self":[{"href":"https:\/\/www.cardioportal.ro\/conferintadeprimavara\/wp-json\/wp\/v2\/pages\/3820","targetHints":{"allow":["GET"]}}],"collection":[{"href":"https:\/\/www.cardioportal.ro\/conferintadeprimavara\/wp-json\/wp\/v2\/pages"}],"about":[{"href":"https:\/\/www.cardioportal.ro\/conferintadeprimavara\/wp-json\/wp\/v2\/types\/page"}],"author":[{"embeddable":true,"href":"https:\/\/www.cardioportal.ro\/conferintadeprimavara\/wp-json\/wp\/v2\/users\/1"}],"replies":[{"embeddable":true,"href":"https:\/\/www.cardioportal.ro\/conferintadeprimavara\/wp-json\/wp\/v2\/comments?post=3820"}],"version-history":[{"count":4,"href":"https:\/\/www.cardioportal.ro\/conferintadeprimavara\/wp-json\/wp\/v2\/pages\/3820\/revisions"}],"predecessor-version":[{"id":4242,"href":"https:\/\/www.cardioportal.ro\/conferintadeprimavara\/wp-json\/wp\/v2\/pages\/3820\/revisions\/4242"}],"wp:attachment":[{"href":"https:\/\/www.cardioportal.ro\/conferintadeprimavara\/wp-json\/wp\/v2\/media?parent=3820"}],"curies":[{"name":"wp","href":"https:\/\/api.w.org\/{rel}","templated":true}]}}