{"id":4203,"date":"2022-03-12T04:40:03","date_gmt":"2022-03-12T04:40:03","guid":{"rendered":"https:\/\/www.cardioportal.ro\/conferintadeprimavara\/?page_id=4203"},"modified":"2026-01-20T09:28:43","modified_gmt":"2026-01-20T09:28:43","slug":"inscriere-2023","status":"publish","type":"page","link":"https:\/\/www.cardioportal.ro\/conferintadeprimavara\/","title":{"rendered":"Inscriere 2026"},"content":{"rendered":"<p style=\"text-align: center;\"><strong>Societatea Rom\u00e2n\u0103 de Cardiologie <\/strong>v\u0103 invit\u0103 s\u0103 participa\u021bi la <strong>CONFERIN\u021aA DE PRIM\u0102VAR\u0102 2026,<\/strong> ce va avea loc la <strong>Sibiu.<\/strong><\/p>\n<p style=\"text-align: center;\">Manifestarea \u0219tiin\u021bific\u0103 organizat\u0103 de c\u0103tre Grupurile de Lucru ale Societ\u0103\u021bii Rom\u00e2ne de Cardiologie se adreseaz\u0103 at\u00e2t medicilor cardiologi, c\u00e2t \u0219i colegilor din alte specialit\u0103\u021bi.<\/p>\n<p style=\"text-align: center;\"><strong><span style=\"color: #ff0000;\">Mai multe detalii pe site-ul conferin\u021bei <a href=\"https:\/\/conferintaprimavara.ro\/\" target=\"_blank\" rel=\"noopener\">https:\/\/conferintaprimavara.ro\/<\/a><\/span><br \/>\n<\/strong><\/p>\n<p>&nbsp;<\/p>\n<p style=\"text-align: center;\"><strong>TAXE DE PARTICIPARE<\/strong><\/p>\n<p><img loading=\"lazy\" decoding=\"async\" class=\"aligncenter size-full wp-image-4377\" src=\"https:\/\/www.cardioportal.ro\/conferintadeprimavara\/wp-content\/uploads\/2026\/01\/taxecdp2026.jpg\" alt=\"\" width=\"697\" height=\"462\" srcset=\"https:\/\/www.cardioportal.ro\/conferintadeprimavara\/wp-content\/uploads\/2026\/01\/taxecdp2026.jpg 697w, https:\/\/www.cardioportal.ro\/conferintadeprimavara\/wp-content\/uploads\/2026\/01\/taxecdp2026-300x199.jpg 300w\" sizes=\"auto, (max-width: 697px) 100vw, 697px\" \/><\/p>\n<p>* Sumele con\u021bin TVA<br \/>\n* Pentru \u00eenscrierile realizate dup\u0103 data de 30.04.2026, nu se garanteaz\u0103 primirea materialelor dedicate acestui eveniment.<br \/>\n* Dup\u0103 data de 11.05.2026 \u00eenscrierile se pot realiza exclusiv la fa\u021ba locului.<\/p>\n<p>Mai multe detalii despre eveniment <a href=\"https:\/\/conferintaprimavara.ro\/\" target=\"_blank\" rel=\"noopener\">https:\/\/conferintaprimavara.ro\/<\/a><\/p>\n<p>&nbsp;<\/p>\n","protected":false},"excerpt":{"rendered":"<p>Societatea Rom\u00e2n\u0103 de Cardiologie v\u0103 invit\u0103 s\u0103 participa\u021bi la CONFERIN\u021aA DE PRIM\u0102VAR\u0102 2026, ce va avea loc la Sibiu. Manifestarea \u0219tiin\u021bific\u0103 organizat\u0103 de c\u0103tre Grupurile de Lucru ale Societ\u0103\u021bii Rom\u00e2ne de Cardiologie se adreseaz\u0103 at\u00e2t medicilor cardiologi, c\u00e2t \u0219i colegilor din alte specialit\u0103\u021bi. Mai multe detalii pe site-ul conferin\u021bei https:\/\/conferintaprimavara.ro\/ &nbsp; TAXE DE PARTICIPARE * [&hellip;]<\/p>\n","protected":false},"author":1,"featured_media":4307,"parent":0,"menu_order":0,"comment_status":"closed","ping_status":"closed","template":"template-page-inscriere-2023.php","meta":{"footnotes":""},"class_list":["post-4203","page","type-page","status-publish","has-post-thumbnail","hentry"],"_links":{"self":[{"href":"https:\/\/www.cardioportal.ro\/conferintadeprimavara\/wp-json\/wp\/v2\/pages\/4203","targetHints":{"allow":["GET"]}}],"collection":[{"href":"https:\/\/www.cardioportal.ro\/conferintadeprimavara\/wp-json\/wp\/v2\/pages"}],"about":[{"href":"https:\/\/www.cardioportal.ro\/conferintadeprimavara\/wp-json\/wp\/v2\/types\/page"}],"author":[{"embeddable":true,"href":"https:\/\/www.cardioportal.ro\/conferintadeprimavara\/wp-json\/wp\/v2\/users\/1"}],"replies":[{"embeddable":true,"href":"https:\/\/www.cardioportal.ro\/conferintadeprimavara\/wp-json\/wp\/v2\/comments?post=4203"}],"version-history":[{"count":51,"href":"https:\/\/www.cardioportal.ro\/conferintadeprimavara\/wp-json\/wp\/v2\/pages\/4203\/revisions"}],"predecessor-version":[{"id":4379,"href":"https:\/\/www.cardioportal.ro\/conferintadeprimavara\/wp-json\/wp\/v2\/pages\/4203\/revisions\/4379"}],"wp:featuredmedia":[{"embeddable":true,"href":"https:\/\/www.cardioportal.ro\/conferintadeprimavara\/wp-json\/wp\/v2\/media\/4307"}],"wp:attachment":[{"href":"https:\/\/www.cardioportal.ro\/conferintadeprimavara\/wp-json\/wp\/v2\/media?parent=4203"}],"curies":[{"name":"wp","href":"https:\/\/api.w.org\/{rel}","templated":true}]}}