{"id":4203,"date":"2022-03-12T04:40:03","date_gmt":"2022-03-12T04:40:03","guid":{"rendered":"https:\/\/www.cardioportal.ro\/conferintagl\/?page_id=4203"},"modified":"2025-09-15T09:11:39","modified_gmt":"2025-09-15T09:11:39","slug":"inscriere-2023","status":"publish","type":"page","link":"https:\/\/www.cardioportal.ro\/congres\/","title":{"rendered":"Inscrieri"},"content":{"rendered":"<p style=\"text-align: center;\"><strong>Societatea Rom\u00e2n\u0103 de Cardiologie<\/strong>\u00a0v\u0103 invit\u0103 s\u0103 participa\u021bi la cea de-a 64-a edi\u021bie a\u00a0<strong>CONGRESULUI NA\u021aIONAL DE CARDIOLOGIE<\/strong>, ce va avea loc la\u00a0<strong>Sinaia<\/strong>, \u00een perioada\u00a0<strong>17-20 septembrie 2025<\/strong>.<\/p>\n<p style=\"text-align: center;\">Manifestarea \u0219tiin\u021bific\u0103 se adreseaz\u0103 at\u00e2t medicilor cardiologi, c\u00e2t \u0219i celor din alte specialit\u0103\u021bi.<\/p>\n<p><img loading=\"lazy\" decoding=\"async\" class=\"aligncenter size-full wp-image-4392\" src=\"https:\/\/www.cardioportal.ro\/congres\/wp-content\/uploads\/2025\/08\/tabel.png\" alt=\"\" width=\"1510\" height=\"849\" srcset=\"https:\/\/www.cardioportal.ro\/congres\/wp-content\/uploads\/2025\/08\/tabel.png 1510w, https:\/\/www.cardioportal.ro\/congres\/wp-content\/uploads\/2025\/08\/tabel-300x169.png 300w, https:\/\/www.cardioportal.ro\/congres\/wp-content\/uploads\/2025\/08\/tabel-1024x576.png 1024w, https:\/\/www.cardioportal.ro\/congres\/wp-content\/uploads\/2025\/08\/tabel-768x432.png 768w\" sizes=\"auto, (max-width: 1510px) 100vw, 1510px\" \/><\/p>\n<p>Sumele con\u021bin TVA<br \/>\n<strong>Pentru \u00eenscrierile realizate dup\u0103 data de 01.09.2025, nu se garanteaz\u0103 primirea materialelor dedicate acestui eveniment.<br \/>\nDup\u0103 data de 10.09.2025 \u00eenscrierile se pot realiza exclusiv la fa\u021ba locului.<\/strong><\/p>\n","protected":false},"excerpt":{"rendered":"<p>Societatea Rom\u00e2n\u0103 de Cardiologie\u00a0v\u0103 invit\u0103 s\u0103 participa\u021bi la cea de-a 64-a edi\u021bie a\u00a0CONGRESULUI NA\u021aIONAL DE CARDIOLOGIE, ce va avea loc la\u00a0Sinaia, \u00een perioada\u00a017-20 septembrie 2025. Manifestarea \u0219tiin\u021bific\u0103 se adreseaz\u0103 at\u00e2t medicilor cardiologi, c\u00e2t \u0219i celor din alte specialit\u0103\u021bi. Sumele con\u021bin TVA Pentru \u00eenscrierile realizate dup\u0103 data de 01.09.2025, nu se garanteaz\u0103 primirea materialelor dedicate acestui [&hellip;]<\/p>\n","protected":false},"author":1,"featured_media":0,"parent":0,"menu_order":0,"comment_status":"closed","ping_status":"closed","template":"","meta":{"footnotes":""},"class_list":["post-4203","page","type-page","status-publish","hentry"],"_links":{"self":[{"href":"https:\/\/www.cardioportal.ro\/congres\/wp-json\/wp\/v2\/pages\/4203","targetHints":{"allow":["GET"]}}],"collection":[{"href":"https:\/\/www.cardioportal.ro\/congres\/wp-json\/wp\/v2\/pages"}],"about":[{"href":"https:\/\/www.cardioportal.ro\/congres\/wp-json\/wp\/v2\/types\/page"}],"author":[{"embeddable":true,"href":"https:\/\/www.cardioportal.ro\/congres\/wp-json\/wp\/v2\/users\/1"}],"replies":[{"embeddable":true,"href":"https:\/\/www.cardioportal.ro\/congres\/wp-json\/wp\/v2\/comments?post=4203"}],"version-history":[{"count":52,"href":"https:\/\/www.cardioportal.ro\/congres\/wp-json\/wp\/v2\/pages\/4203\/revisions"}],"predecessor-version":[{"id":4393,"href":"https:\/\/www.cardioportal.ro\/congres\/wp-json\/wp\/v2\/pages\/4203\/revisions\/4393"}],"wp:attachment":[{"href":"https:\/\/www.cardioportal.ro\/congres\/wp-json\/wp\/v2\/media?parent=4203"}],"curies":[{"name":"wp","href":"https:\/\/api.w.org\/{rel}","templated":true}]}}